{"id":20,"date":"2019-11-22T17:23:48","date_gmt":"2019-11-22T17:23:48","guid":{"rendered":"https:\/\/x-theme.net\/avas-construction\/?page_id=20"},"modified":"2025-10-24T14:40:14","modified_gmt":"2025-10-24T17:40:14","slug":"contact-us","status":"publish","type":"page","link":"https:\/\/mxtech.inf.br\/site\/contact-us\/","title":{"rendered":"Contato"},"content":{"rendered":"\t\t<div data-elementor-type=\"wp-page\" data-elementor-id=\"20\" class=\"elementor elementor-20\">\n\t\t\t\t\t\t<section class=\"elementor-section elementor-top-section elementor-element elementor-element-53b3011f elementor-section-stretched elementor-section-boxed elementor-section-height-default elementor-section-height-default\" data-id=\"53b3011f\" data-element_type=\"section\" data-settings=\"{&quot;stretch_section&quot;:&quot;section-stretched&quot;}\">\n\t\t\t\t\t\t<div class=\"elementor-container elementor-column-gap-default\">\n\t\t\t\t\t<div class=\"elementor-column elementor-col-33 elementor-top-column elementor-element elementor-element-3e4de15c\" data-id=\"3e4de15c\" data-element_type=\"column\">\n\t\t\t<div class=\"elementor-widget-wrap elementor-element-populated\">\n\t\t\t\t\t\t<div class=\"elementor-element elementor-element-5c3f1d5a tx-hd-align-center elementor-widget elementor-widget-avas-heading\" data-id=\"5c3f1d5a\" data-element_type=\"widget\" data-widget_type=\"avas-heading.default\">\n\t\t\t\t<div class=\"elementor-widget-container\">\n\t\t\t\t\t        <div class=\"tx-hd-wrap\">\n\n            <div class=\"tx-hd-wm\"><\/div>\n\n            \n            <div class=\"tx-hd-sub\"><\/div>\n                        <h2 class=\"tx-hd-title\">\n                <span class=\"tx-hd-first-part\">Endere\u00e7o<\/span>\n                <span class=\"tx-hd-last-part\"><\/span>\n            <\/h2>    \n            \n            <div class=\"tx-hd-desc\"><p>Atendimento presencial com facilidade de acesso, seguran\u00e7a e estacionamento. Estamos localizados dentro do Posto Bandeira.<\/p><\/div>\n\n\n                   \n        <\/div><!-- tx-hd-wrap -->\n\n\n\n\n\n\n\n\n\t\t\t\t<\/div>\n\t\t\t\t<\/div>\n\t\t\t\t<div class=\"elementor-element elementor-element-2fe69250 elementor-widget elementor-widget-heading\" data-id=\"2fe69250\" data-element_type=\"widget\" data-widget_type=\"heading.default\">\n\t\t\t\t\t<p class=\"elementor-heading-title elementor-size-default\">Avenida Dr. Carlos Botelho, 2120 - Sala 04 - Centro - S\u00e3o Carlos\/SP<\/p>\t\t\t\t<\/div>\n\t\t\t\t\t<\/div>\n\t\t<\/div>\n\t\t\t\t<div class=\"elementor-column elementor-col-33 elementor-top-column elementor-element elementor-element-17169afc\" data-id=\"17169afc\" data-element_type=\"column\">\n\t\t\t<div class=\"elementor-widget-wrap elementor-element-populated\">\n\t\t\t\t\t\t<div class=\"elementor-element elementor-element-3f8db948 tx-hd-align-center elementor-widget elementor-widget-avas-heading\" data-id=\"3f8db948\" data-element_type=\"widget\" data-widget_type=\"avas-heading.default\">\n\t\t\t\t<div class=\"elementor-widget-container\">\n\t\t\t\t\t        <div class=\"tx-hd-wrap\">\n\n            <div class=\"tx-hd-wm\"><\/div>\n\n            \n            <div class=\"tx-hd-sub\"><\/div>\n                        <h2 class=\"tx-hd-title\">\n                <span class=\"tx-hd-first-part\">Telefone<\/span>\n                <span class=\"tx-hd-last-part\"><\/span>\n            <\/h2>    \n            \n            <div class=\"tx-hd-desc\"><p>Atendimento de segunda a sexta-feira das 8h \u00e0s 18h e aos s\u00e1bados das 9h \u00e0s 13h.<\/p><\/div>\n\n\n                   \n        <\/div><!-- tx-hd-wrap -->\n\n\n\n\n\n\n\n\n\t\t\t\t<\/div>\n\t\t\t\t<\/div>\n\t\t\t\t<div class=\"elementor-element elementor-element-128bcc53 elementor-widget elementor-widget-heading\" data-id=\"128bcc53\" data-element_type=\"widget\" data-widget_type=\"heading.default\">\n\t\t\t\t\t<p class=\"elementor-heading-title elementor-size-default\">(16) 3509-4696<\/p>\t\t\t\t<\/div>\n\t\t\t\t\t<\/div>\n\t\t<\/div>\n\t\t\t\t<div class=\"elementor-column elementor-col-33 elementor-top-column elementor-element elementor-element-7da5ae28\" data-id=\"7da5ae28\" data-element_type=\"column\">\n\t\t\t<div class=\"elementor-widget-wrap elementor-element-populated\">\n\t\t\t\t\t\t<div class=\"elementor-element elementor-element-1f29bd36 tx-hd-align-center elementor-widget elementor-widget-avas-heading\" data-id=\"1f29bd36\" data-element_type=\"widget\" data-widget_type=\"avas-heading.default\">\n\t\t\t\t<div class=\"elementor-widget-container\">\n\t\t\t\t\t        <div class=\"tx-hd-wrap\">\n\n            <div class=\"tx-hd-wm\"><\/div>\n\n            \n            <div class=\"tx-hd-sub\"><\/div>\n                        <h2 class=\"tx-hd-title\">\n                <span class=\"tx-hd-first-part\">E-MAIL<\/span>\n                <span class=\"tx-hd-last-part\"><\/span>\n            <\/h2>    \n            \n            <div class=\"tx-hd-desc\"><p>Envie sua solicita\u00e7\u00e3o por e-mail para d\u00favidas, suporte e or\u00e7amentos. Responderemos em at\u00e9 24h.<\/p><\/div>\n\n\n                   \n        <\/div><!-- tx-hd-wrap -->\n\n\n\n\n\n\n\n\n\t\t\t\t<\/div>\n\t\t\t\t<\/div>\n\t\t\t\t<div class=\"elementor-element elementor-element-224951bb elementor-widget elementor-widget-heading\" data-id=\"224951bb\" data-element_type=\"widget\" data-widget_type=\"heading.default\">\n\t\t\t\t\t<p class=\"elementor-heading-title elementor-size-default\">contato@mxtech.inf.br<\/p>\t\t\t\t<\/div>\n\t\t\t\t\t<\/div>\n\t\t<\/div>\n\t\t\t\t\t<\/div>\n\t\t<\/section>\n\t\t\t\t<section class=\"elementor-section elementor-top-section elementor-element elementor-element-225514ec elementor-section-stretched elementor-section-boxed elementor-section-height-default elementor-section-height-default\" data-id=\"225514ec\" data-element_type=\"section\" data-settings=\"{&quot;stretch_section&quot;:&quot;section-stretched&quot;}\">\n\t\t\t\t\t\t<div class=\"elementor-container elementor-column-gap-default\">\n\t\t\t\t\t<div class=\"elementor-column elementor-col-100 elementor-top-column elementor-element elementor-element-35512495\" data-id=\"35512495\" data-element_type=\"column\">\n\t\t\t<div class=\"elementor-widget-wrap elementor-element-populated\">\n\t\t\t\t\t\t<div class=\"elementor-element elementor-element-dccfce7 elementor-widget elementor-widget-avas-contact-form-7\" data-id=\"dccfce7\" data-element_type=\"widget\" data-widget_type=\"avas-contact-form-7.default\">\n\t\t\t\t<div class=\"elementor-widget-container\">\n\t\t\t\t\t        \n                <div class=\"tx-contact-form-7\">\n\n           \n<div class=\"wpcf7 no-js\" id=\"wpcf7-f3316-o1\" lang=\"en-US\" dir=\"ltr\" data-wpcf7-id=\"3316\">\n<div class=\"screen-reader-response\"><p role=\"status\" aria-live=\"polite\" aria-atomic=\"true\"><\/p> <ul><\/ul><\/div>\n<form action=\"\/site\/wp-json\/wp\/v2\/pages\/20#wpcf7-f3316-o1\" method=\"post\" class=\"wpcf7-form init\" aria-label=\"Contact form\" novalidate=\"novalidate\" data-status=\"init\">\n<fieldset class=\"hidden-fields-container\"><input type=\"hidden\" name=\"_wpcf7\" value=\"3316\" \/><input type=\"hidden\" name=\"_wpcf7_version\" value=\"6.1.2\" \/><input type=\"hidden\" name=\"_wpcf7_locale\" value=\"en_US\" \/><input type=\"hidden\" name=\"_wpcf7_unit_tag\" value=\"wpcf7-f3316-o1\" \/><input type=\"hidden\" name=\"_wpcf7_container_post\" value=\"0\" \/><input type=\"hidden\" name=\"_wpcf7_posted_data_hash\" value=\"\" \/>\n<\/fieldset>\n<div class=\"row\">\n\t<div class=\"col-xs-12 col-sm-6 col-md-6 col-lg-6\">\n\t\t<p><span class=\"wpcf7-form-control-wrap\" data-name=\"your-name\"><input size=\"40\" maxlength=\"400\" class=\"wpcf7-form-control wpcf7-text wpcf7-validates-as-required\" aria-required=\"true\" aria-invalid=\"false\" placeholder=\"Name\" value=\"\" type=\"text\" name=\"your-name\" \/><\/span>\n\t\t<\/p>\n\t<\/div>\n\t<div class=\"col-xs-12 col-sm-6 col-md-6 col-lg-6\">\n\t\t<p><span class=\"wpcf7-form-control-wrap\" data-name=\"your-email\"><input size=\"40\" maxlength=\"400\" class=\"wpcf7-form-control wpcf7-email wpcf7-validates-as-required wpcf7-text wpcf7-validates-as-email\" aria-required=\"true\" aria-invalid=\"false\" placeholder=\"E-mail\" value=\"\" type=\"email\" name=\"your-email\" \/><\/span>\n\t\t<\/p>\n\t<\/div>\n\t<div class=\"col-xs-12 col-sm-6 col-md-6 col-lg-6\">\n\t\t<p><span class=\"wpcf7-form-control-wrap\" data-name=\"phone\"><input size=\"40\" maxlength=\"400\" class=\"wpcf7-form-control wpcf7-tel wpcf7-validates-as-required wpcf7-text wpcf7-validates-as-tel\" aria-required=\"true\" aria-invalid=\"false\" placeholder=\"Phone\" value=\"\" type=\"tel\" name=\"phone\" \/><\/span>\n\t\t<\/p>\n\t<\/div>\n\t<div class=\"col-xs-12 col-sm-6 col-md-6 col-lg-6\">\n\t\t<p><span class=\"wpcf7-form-control-wrap\" data-name=\"subject\"><input size=\"40\" maxlength=\"400\" class=\"wpcf7-form-control wpcf7-text wpcf7-validates-as-required\" aria-required=\"true\" aria-invalid=\"false\" placeholder=\"Subject\" value=\"\" type=\"text\" name=\"subject\" \/><\/span>\n\t\t<\/p>\n\t<\/div>\n\t<div class=\"col-xs-12 col-sm-12 col-md-12 col-lg-12\">\n\t\t<p><span class=\"wpcf7-form-control-wrap\" data-name=\"your-message\"><textarea cols=\"40\" rows=\"10\" maxlength=\"2000\" class=\"wpcf7-form-control wpcf7-textarea wpcf7-validates-as-required\" aria-required=\"true\" aria-invalid=\"false\" placeholder=\"Your message\" name=\"your-message\"><\/textarea><\/span>\n\t\t<\/p>\n\t<\/div>\n\t<div class=\"col-xs-12 col-sm-12 col-md-12 col-lg-12\">\n\t\t<p><input class=\"wpcf7-form-control wpcf7-submit has-spinner\" type=\"submit\" value=\"Send\" \/>\n\t\t<\/p>\n\t<\/div>\n<\/div><div class=\"wpcf7-response-output\" aria-hidden=\"true\"><\/div>\n<\/form>\n<\/div>\n       \n        <\/div><!-- tx-contact-form-7 -->\n        \n    \t\t\t\t<\/div>\n\t\t\t\t<\/div>\n\t\t\t\t\t<\/div>\n\t\t<\/div>\n\t\t\t\t\t<\/div>\n\t\t<\/section>\n\t\t\t\t<section class=\"elementor-section elementor-top-section elementor-element elementor-element-220e03af elementor-section-stretched elementor-section-full_width elementor-section-height-default elementor-section-height-default\" data-id=\"220e03af\" data-element_type=\"section\" data-settings=\"{&quot;stretch_section&quot;:&quot;section-stretched&quot;}\">\n\t\t\t\t\t\t<div class=\"elementor-container elementor-column-gap-no\">\n\t\t\t\t\t<div class=\"elementor-column elementor-col-100 elementor-top-column elementor-element elementor-element-5497318e\" data-id=\"5497318e\" data-element_type=\"column\">\n\t\t\t<div class=\"elementor-widget-wrap elementor-element-populated\">\n\t\t\t\t\t\t<div class=\"elementor-element elementor-element-de0378a elementor-widget elementor-widget-google_maps\" data-id=\"de0378a\" data-element_type=\"widget\" data-widget_type=\"google_maps.default\">\n\t\t\t\t\t\t\t<div class=\"elementor-custom-embed\">\n\t\t\t<iframe loading=\"lazy\"\n\t\t\t\t\tsrc=\"https:\/\/maps.google.com\/maps?q=Av%20Dr.%20Carlos%20Botelho%2C%202120%20Centro%20S%C3%A3o%20Carlos%20SP&#038;t=m&#038;z=17&#038;output=embed&#038;iwloc=near\"\n\t\t\t\t\ttitle=\"Av Dr. Carlos Botelho, 2120 Centro S\u00e3o Carlos SP\"\n\t\t\t\t\taria-label=\"Av Dr. Carlos Botelho, 2120 Centro S\u00e3o Carlos SP\"\n\t\t\t><\/iframe>\n\t\t<\/div>\n\t\t\t\t\t\t<\/div>\n\t\t\t\t\t<\/div>\n\t\t<\/div>\n\t\t\t\t\t<\/div>\n\t\t<\/section>\n\t\t\t\t<\/div>\n\t\t","protected":false},"excerpt":{"rendered":"<p class=\"tx-excerpt\">Endere\u00e7o Atendimento presencial com facilidade de acesso, seguran\u00e7a e estacionamento. Estamos localizados dentro do Posto Bandeira. Avenida Dr. Carlos Botelho, 2120 &#8211; Sala 04 &#8211; Centro &#8211; S\u00e3o Carlos\/SP Telefone Atendimento de segunda a sexta-feira...<\/p>","protected":false},"author":1,"featured_media":0,"parent":0,"menu_order":0,"comment_status":"closed","ping_status":"closed","template":"templates\/blank.php","meta":{"footnotes":""},"class_list":["post-20","page","type-page","status-publish","hentry"],"_links":{"self":[{"href":"https:\/\/mxtech.inf.br\/site\/wp-json\/wp\/v2\/pages\/20","targetHints":{"allow":["GET"]}}],"collection":[{"href":"https:\/\/mxtech.inf.br\/site\/wp-json\/wp\/v2\/pages"}],"about":[{"href":"https:\/\/mxtech.inf.br\/site\/wp-json\/wp\/v2\/types\/page"}],"author":[{"embeddable":true,"href":"https:\/\/mxtech.inf.br\/site\/wp-json\/wp\/v2\/users\/1"}],"replies":[{"embeddable":true,"href":"https:\/\/mxtech.inf.br\/site\/wp-json\/wp\/v2\/comments?post=20"}],"version-history":[{"count":4,"href":"https:\/\/mxtech.inf.br\/site\/wp-json\/wp\/v2\/pages\/20\/revisions"}],"predecessor-version":[{"id":3434,"href":"https:\/\/mxtech.inf.br\/site\/wp-json\/wp\/v2\/pages\/20\/revisions\/3434"}],"wp:attachment":[{"href":"https:\/\/mxtech.inf.br\/site\/wp-json\/wp\/v2\/media?parent=20"}],"curies":[{"name":"wp","href":"https:\/\/api.w.org\/{rel}","templated":true}]}}